{"id":417,"date":"2016-03-17T09:26:57","date_gmt":"2016-03-17T09:26:57","guid":{"rendered":"http:\/\/www.grundschule-pulverrasen.de\/?page_id=417"},"modified":"2025-08-16T10:16:29","modified_gmt":"2025-08-16T10:16:29","slug":"unser-personal","status":"publish","type":"page","link":"https:\/\/www.grundschule-pulverrasen.de\/?page_id=417","title":{"rendered":"unser Personal"},"content":{"rendered":"<h2><strong>Schulleitung:\u00a0\u00a0 \u00a0 \u00a0 \u00a0 \u00a0<\/strong><\/h2>\n<h3>Schulleiterin:<\/h3>\n<h4>Frau Ammon<strong><br \/>\n<\/strong><\/h4>\n<h3>stellvertretende Schulleiterin:<\/h3>\n<h4>Frau Arndt<\/h4>\n<h3><strong>Beratungslehrerin: <\/strong><\/h3>\n<h4>Frau Schatt<\/h4>\n<p>&nbsp;<\/p>\n<h3><strong>Mobiler sonderp\u00e4dagogischer Dienst (MSD):<\/strong><\/h3>\n<h4>Frau Gro\u00df<\/h4>\n<p>&nbsp;<\/p>\n<h3><strong>Schulsozialarbeiterin:<\/strong><\/h3>\n<h4>Frau Freyer<\/h4>\n<p>&nbsp;<\/p>\n<h3><strong>Sekret\u00e4rinnen:<\/strong><\/h3>\n<h4>Frau Krumholz<\/h4>\n<p>&nbsp;<\/p>\n<h3><strong>Hortkoordinator:<\/strong><\/h3>\n<h4>Frau Wei\u00df<\/h4>\n<p>&nbsp;<\/p>\n<h3><strong>Hausmeister:<\/strong><\/h3>\n<h4>Herr M\u00fcller<\/h4>\n<p>&nbsp;<\/p>\n<p>&nbsp;<\/p>\n<p>&nbsp;<\/p>\n<p>&nbsp;<\/p>\n","protected":false},"excerpt":{"rendered":"<p>Schulleitung:\u00a0\u00a0 \u00a0 \u00a0 \u00a0 \u00a0 Schulleiterin: Frau Ammon stellvertretende Schulleiterin: Frau Arndt Beratungslehrerin: Frau Schatt &nbsp; Mobiler sonderp\u00e4dagogischer Dienst (MSD): Frau Gro\u00df &nbsp; Schulsozialarbeiterin: Frau Freyer &nbsp; Sekret\u00e4rinnen: Frau Krumholz &nbsp; Hortkoordinator: Frau Wei\u00df &nbsp; Hausmeister: Herr M\u00fcller &nbsp; &nbsp; &nbsp; &nbsp;<\/p>\n","protected":false},"author":6,"featured_media":0,"parent":505,"menu_order":3,"comment_status":"closed","ping_status":"closed","template":"","meta":{"_links_to":"","_links_to_target":""},"yoast_head":"<!-- This site is optimized with the Yoast SEO plugin v18.3 - https:\/\/yoast.com\/wordpress\/plugins\/seo\/ -->\n<title>unser Personal - Grundschule Pulverrasen<\/title>\n<meta name=\"robots\" content=\"index, follow, max-snippet:-1, max-image-preview:large, max-video-preview:-1\" \/>\n<link rel=\"canonical\" href=\"https:\/\/www.grundschule-pulverrasen.de\/?page_id=417\" \/>\n<meta property=\"og:locale\" content=\"de_DE\" \/>\n<meta property=\"og:type\" content=\"article\" \/>\n<meta property=\"og:title\" content=\"unser Personal - Grundschule Pulverrasen\" \/>\n<meta property=\"og:description\" content=\"Schulleitung:\u00a0\u00a0 \u00a0 \u00a0 \u00a0 \u00a0 Schulleiterin: Frau Ammon stellvertretende Schulleiterin: Frau Arndt Beratungslehrerin: Frau Schatt &nbsp; Mobiler sonderp\u00e4dagogischer Dienst (MSD): Frau Gro\u00df &nbsp; Schulsozialarbeiterin: Frau Freyer &nbsp; Sekret\u00e4rinnen: Frau Krumholz &nbsp; Hortkoordinator: Frau Wei\u00df &nbsp; Hausmeister: Herr M\u00fcller &nbsp; &nbsp; &nbsp; &nbsp;\" \/>\n<meta property=\"og:url\" content=\"https:\/\/www.grundschule-pulverrasen.de\/?page_id=417\" \/>\n<meta property=\"og:site_name\" content=\"Grundschule Pulverrasen\" \/>\n<meta property=\"article:modified_time\" content=\"2025-08-16T10:16:29+00:00\" \/>\n<meta name=\"twitter:card\" content=\"summary\" \/>\n<script type=\"application\/ld+json\" class=\"yoast-schema-graph\">{\"@context\":\"https:\/\/schema.org\",\"@graph\":[{\"@type\":\"WebSite\",\"@id\":\"https:\/\/www.grundschule-pulverrasen.de\/#website\",\"url\":\"https:\/\/www.grundschule-pulverrasen.de\/\",\"name\":\"Grundschule Pulverrasen\",\"description\":\"\",\"potentialAction\":[{\"@type\":\"SearchAction\",\"target\":{\"@type\":\"EntryPoint\",\"urlTemplate\":\"https:\/\/www.grundschule-pulverrasen.de\/?s={search_term_string}\"},\"query-input\":\"required name=search_term_string\"}],\"inLanguage\":\"de\"},{\"@type\":\"WebPage\",\"@id\":\"https:\/\/www.grundschule-pulverrasen.de\/?page_id=417#webpage\",\"url\":\"https:\/\/www.grundschule-pulverrasen.de\/?page_id=417\",\"name\":\"unser Personal - Grundschule Pulverrasen\",\"isPartOf\":{\"@id\":\"https:\/\/www.grundschule-pulverrasen.de\/#website\"},\"datePublished\":\"2016-03-17T09:26:57+00:00\",\"dateModified\":\"2025-08-16T10:16:29+00:00\",\"breadcrumb\":{\"@id\":\"https:\/\/www.grundschule-pulverrasen.de\/?page_id=417#breadcrumb\"},\"inLanguage\":\"de\",\"potentialAction\":[{\"@type\":\"ReadAction\",\"target\":[\"https:\/\/www.grundschule-pulverrasen.de\/?page_id=417\"]}]},{\"@type\":\"BreadcrumbList\",\"@id\":\"https:\/\/www.grundschule-pulverrasen.de\/?page_id=417#breadcrumb\",\"itemListElement\":[{\"@type\":\"ListItem\",\"position\":1,\"name\":\"Home\",\"item\":\"https:\/\/www.grundschule-pulverrasen.de\/\"},{\"@type\":\"ListItem\",\"position\":2,\"name\":\"\u00dcber uns\",\"item\":\"https:\/\/www.grundschule-pulverrasen.de\/?page_id=505\"},{\"@type\":\"ListItem\",\"position\":3,\"name\":\"unser Personal\"}]}]}<\/script>\n<!-- \/ Yoast SEO plugin. -->","yoast_head_json":{"title":"unser Personal - Grundschule Pulverrasen","robots":{"index":"index","follow":"follow","max-snippet":"max-snippet:-1","max-image-preview":"max-image-preview:large","max-video-preview":"max-video-preview:-1"},"canonical":"https:\/\/www.grundschule-pulverrasen.de\/?page_id=417","og_locale":"de_DE","og_type":"article","og_title":"unser Personal - Grundschule Pulverrasen","og_description":"Schulleitung:\u00a0\u00a0 \u00a0 \u00a0 \u00a0 \u00a0 Schulleiterin: Frau Ammon stellvertretende Schulleiterin: Frau Arndt Beratungslehrerin: Frau Schatt &nbsp; Mobiler sonderp\u00e4dagogischer Dienst (MSD): Frau Gro\u00df &nbsp; Schulsozialarbeiterin: Frau Freyer &nbsp; Sekret\u00e4rinnen: Frau Krumholz &nbsp; Hortkoordinator: Frau Wei\u00df &nbsp; Hausmeister: Herr M\u00fcller &nbsp; &nbsp; &nbsp; &nbsp;","og_url":"https:\/\/www.grundschule-pulverrasen.de\/?page_id=417","og_site_name":"Grundschule Pulverrasen","article_modified_time":"2025-08-16T10:16:29+00:00","twitter_card":"summary","schema":{"@context":"https:\/\/schema.org","@graph":[{"@type":"WebSite","@id":"https:\/\/www.grundschule-pulverrasen.de\/#website","url":"https:\/\/www.grundschule-pulverrasen.de\/","name":"Grundschule Pulverrasen","description":"","potentialAction":[{"@type":"SearchAction","target":{"@type":"EntryPoint","urlTemplate":"https:\/\/www.grundschule-pulverrasen.de\/?s={search_term_string}"},"query-input":"required name=search_term_string"}],"inLanguage":"de"},{"@type":"WebPage","@id":"https:\/\/www.grundschule-pulverrasen.de\/?page_id=417#webpage","url":"https:\/\/www.grundschule-pulverrasen.de\/?page_id=417","name":"unser Personal - Grundschule Pulverrasen","isPartOf":{"@id":"https:\/\/www.grundschule-pulverrasen.de\/#website"},"datePublished":"2016-03-17T09:26:57+00:00","dateModified":"2025-08-16T10:16:29+00:00","breadcrumb":{"@id":"https:\/\/www.grundschule-pulverrasen.de\/?page_id=417#breadcrumb"},"inLanguage":"de","potentialAction":[{"@type":"ReadAction","target":["https:\/\/www.grundschule-pulverrasen.de\/?page_id=417"]}]},{"@type":"BreadcrumbList","@id":"https:\/\/www.grundschule-pulverrasen.de\/?page_id=417#breadcrumb","itemListElement":[{"@type":"ListItem","position":1,"name":"Home","item":"https:\/\/www.grundschule-pulverrasen.de\/"},{"@type":"ListItem","position":2,"name":"\u00dcber uns","item":"https:\/\/www.grundschule-pulverrasen.de\/?page_id=505"},{"@type":"ListItem","position":3,"name":"unser Personal"}]}]}},"_links":{"self":[{"href":"https:\/\/www.grundschule-pulverrasen.de\/index.php?rest_route=\/wp\/v2\/pages\/417"}],"collection":[{"href":"https:\/\/www.grundschule-pulverrasen.de\/index.php?rest_route=\/wp\/v2\/pages"}],"about":[{"href":"https:\/\/www.grundschule-pulverrasen.de\/index.php?rest_route=\/wp\/v2\/types\/page"}],"author":[{"embeddable":true,"href":"https:\/\/www.grundschule-pulverrasen.de\/index.php?rest_route=\/wp\/v2\/users\/6"}],"replies":[{"embeddable":true,"href":"https:\/\/www.grundschule-pulverrasen.de\/index.php?rest_route=%2Fwp%2Fv2%2Fcomments&post=417"}],"version-history":[{"count":19,"href":"https:\/\/www.grundschule-pulverrasen.de\/index.php?rest_route=\/wp\/v2\/pages\/417\/revisions"}],"predecessor-version":[{"id":2146,"href":"https:\/\/www.grundschule-pulverrasen.de\/index.php?rest_route=\/wp\/v2\/pages\/417\/revisions\/2146"}],"up":[{"embeddable":true,"href":"https:\/\/www.grundschule-pulverrasen.de\/index.php?rest_route=\/wp\/v2\/pages\/505"}],"wp:attachment":[{"href":"https:\/\/www.grundschule-pulverrasen.de\/index.php?rest_route=%2Fwp%2Fv2%2Fmedia&parent=417"}],"curies":[{"name":"wp","href":"https:\/\/api.w.org\/{rel}","templated":true}]}}