{"id":419,"date":"2016-03-17T09:27:13","date_gmt":"2016-03-17T09:27:13","guid":{"rendered":"http:\/\/www.grundschule-pulverrasen.de\/?page_id=419"},"modified":"2023-07-11T11:44:54","modified_gmt":"2023-07-11T11:44:54","slug":"ausstattung","status":"publish","type":"page","link":"https:\/\/www.grundschule-pulverrasen.de\/?page_id=419","title":{"rendered":"Ausstattung"},"content":{"rendered":"<h3 class=\"tispo_cn_groupHeading\">Schulgeb\u00e4ude<\/h3>\n<h4>Unser Schulgeb\u00e4ude ist ein prachtvoller Jugendstilbau, der unter Leitung des namenhaften Architekten Eduard Fritze in den Jahren 1910\/11 erbaut wurde. Das Geb\u00e4ude ist viergeschossig und verf\u00fcgt \u00fcber einen 35,5 m hohen Turm mit Umgang und Uhr. Es gliedert sich in drei Teile: die eigentliche Schule, eine Turnhalle und eine Verbindungshalle. Das Schulgeb\u00e4ude steht seit 1994 unter Denkmalschutz. Unter diesem Gesichtpunkt wurde es von 1992 bis 1996 grundsaniert. Unser Schulgeb\u00e4ude beherbergt zwei eigenst\u00e4ndige Schulen in einem Geb\u00e4ude: Grundschule und Regelschule.<\/h4>\n<h4>Folgende R\u00e4ume stehen der Grundschule zur Verf\u00fcgung:<\/h4>\n<h4>12 Klassenr\u00e4ume<\/h4>\n<h4>1 gemeinsamer Fachraum f\u00fcr Musik, Englisch und Religion<\/h4>\n<h4>1 Fachraum f\u00fcr Werken<\/h4>\n<h4>Differnzierungsr\u00e4ume<\/h4>\n<h4>1 Hortraum f\u00fcr Fr\u00fch- und Sp\u00e4tdienst<\/h4>\n<h4><\/h4>\n<h3>Sportst\u00e4tten<\/h3>\n<h4>Eine der beiden Turnhallen befindet sich mit im Geb\u00e4ude der Schule. Es ist eine Einfelderturnhalle mit 273m\u00b2.<\/h4>\n<h4>Die 2. Turnhalle befindet sich im ehemaligen Stadtbad.<\/h4>\n<p>&nbsp;<\/p>\n","protected":false},"excerpt":{"rendered":"<p>Schulgeb\u00e4ude Unser Schulgeb\u00e4ude ist ein prachtvoller Jugendstilbau, der unter Leitung des namenhaften Architekten Eduard Fritze in den Jahren 1910\/11 erbaut wurde. Das Geb\u00e4ude ist viergeschossig und verf\u00fcgt \u00fcber einen 35,5 m hohen Turm mit Umgang und Uhr. Es gliedert sich in drei Teile: die eigentliche Schule, eine Turnhalle und eine Verbindungshalle. Das Schulgeb\u00e4ude steht seit [&hellip;]<\/p>\n","protected":false},"author":6,"featured_media":0,"parent":505,"menu_order":4,"comment_status":"closed","ping_status":"closed","template":"","meta":{"_links_to":"","_links_to_target":""},"yoast_head":"<!-- This site is optimized with the Yoast SEO plugin v18.3 - https:\/\/yoast.com\/wordpress\/plugins\/seo\/ -->\n<title>Ausstattung - Grundschule Pulverrasen<\/title>\n<meta name=\"robots\" content=\"index, follow, max-snippet:-1, max-image-preview:large, max-video-preview:-1\" \/>\n<link rel=\"canonical\" href=\"https:\/\/www.grundschule-pulverrasen.de\/?page_id=419\" \/>\n<meta property=\"og:locale\" content=\"de_DE\" \/>\n<meta property=\"og:type\" content=\"article\" \/>\n<meta property=\"og:title\" content=\"Ausstattung - Grundschule Pulverrasen\" \/>\n<meta property=\"og:description\" content=\"Schulgeb\u00e4ude Unser Schulgeb\u00e4ude ist ein prachtvoller Jugendstilbau, der unter Leitung des namenhaften Architekten Eduard Fritze in den Jahren 1910\/11 erbaut wurde. Das Geb\u00e4ude ist viergeschossig und verf\u00fcgt \u00fcber einen 35,5 m hohen Turm mit Umgang und Uhr. Es gliedert sich in drei Teile: die eigentliche Schule, eine Turnhalle und eine Verbindungshalle. Das Schulgeb\u00e4ude steht seit [&hellip;]\" \/>\n<meta property=\"og:url\" content=\"https:\/\/www.grundschule-pulverrasen.de\/?page_id=419\" \/>\n<meta property=\"og:site_name\" content=\"Grundschule Pulverrasen\" \/>\n<meta property=\"article:modified_time\" content=\"2023-07-11T11:44:54+00:00\" \/>\n<meta name=\"twitter:card\" content=\"summary\" \/>\n<meta name=\"twitter:label1\" content=\"Gesch\u00e4tzte Lesezeit\" \/>\n\t<meta name=\"twitter:data1\" content=\"1\u00a0Minute\" \/>\n<script type=\"application\/ld+json\" class=\"yoast-schema-graph\">{\"@context\":\"https:\/\/schema.org\",\"@graph\":[{\"@type\":\"WebSite\",\"@id\":\"https:\/\/www.grundschule-pulverrasen.de\/#website\",\"url\":\"https:\/\/www.grundschule-pulverrasen.de\/\",\"name\":\"Grundschule Pulverrasen\",\"description\":\"\",\"potentialAction\":[{\"@type\":\"SearchAction\",\"target\":{\"@type\":\"EntryPoint\",\"urlTemplate\":\"https:\/\/www.grundschule-pulverrasen.de\/?s={search_term_string}\"},\"query-input\":\"required name=search_term_string\"}],\"inLanguage\":\"de\"},{\"@type\":\"WebPage\",\"@id\":\"https:\/\/www.grundschule-pulverrasen.de\/?page_id=419#webpage\",\"url\":\"https:\/\/www.grundschule-pulverrasen.de\/?page_id=419\",\"name\":\"Ausstattung - Grundschule Pulverrasen\",\"isPartOf\":{\"@id\":\"https:\/\/www.grundschule-pulverrasen.de\/#website\"},\"datePublished\":\"2016-03-17T09:27:13+00:00\",\"dateModified\":\"2023-07-11T11:44:54+00:00\",\"breadcrumb\":{\"@id\":\"https:\/\/www.grundschule-pulverrasen.de\/?page_id=419#breadcrumb\"},\"inLanguage\":\"de\",\"potentialAction\":[{\"@type\":\"ReadAction\",\"target\":[\"https:\/\/www.grundschule-pulverrasen.de\/?page_id=419\"]}]},{\"@type\":\"BreadcrumbList\",\"@id\":\"https:\/\/www.grundschule-pulverrasen.de\/?page_id=419#breadcrumb\",\"itemListElement\":[{\"@type\":\"ListItem\",\"position\":1,\"name\":\"Home\",\"item\":\"https:\/\/www.grundschule-pulverrasen.de\/\"},{\"@type\":\"ListItem\",\"position\":2,\"name\":\"\u00dcber uns\",\"item\":\"https:\/\/www.grundschule-pulverrasen.de\/?page_id=505\"},{\"@type\":\"ListItem\",\"position\":3,\"name\":\"Ausstattung\"}]}]}<\/script>\n<!-- \/ Yoast SEO plugin. -->","yoast_head_json":{"title":"Ausstattung - Grundschule Pulverrasen","robots":{"index":"index","follow":"follow","max-snippet":"max-snippet:-1","max-image-preview":"max-image-preview:large","max-video-preview":"max-video-preview:-1"},"canonical":"https:\/\/www.grundschule-pulverrasen.de\/?page_id=419","og_locale":"de_DE","og_type":"article","og_title":"Ausstattung - Grundschule Pulverrasen","og_description":"Schulgeb\u00e4ude Unser Schulgeb\u00e4ude ist ein prachtvoller Jugendstilbau, der unter Leitung des namenhaften Architekten Eduard Fritze in den Jahren 1910\/11 erbaut wurde. Das Geb\u00e4ude ist viergeschossig und verf\u00fcgt \u00fcber einen 35,5 m hohen Turm mit Umgang und Uhr. Es gliedert sich in drei Teile: die eigentliche Schule, eine Turnhalle und eine Verbindungshalle. Das Schulgeb\u00e4ude steht seit [&hellip;]","og_url":"https:\/\/www.grundschule-pulverrasen.de\/?page_id=419","og_site_name":"Grundschule Pulverrasen","article_modified_time":"2023-07-11T11:44:54+00:00","twitter_card":"summary","twitter_misc":{"Gesch\u00e4tzte Lesezeit":"1\u00a0Minute"},"schema":{"@context":"https:\/\/schema.org","@graph":[{"@type":"WebSite","@id":"https:\/\/www.grundschule-pulverrasen.de\/#website","url":"https:\/\/www.grundschule-pulverrasen.de\/","name":"Grundschule Pulverrasen","description":"","potentialAction":[{"@type":"SearchAction","target":{"@type":"EntryPoint","urlTemplate":"https:\/\/www.grundschule-pulverrasen.de\/?s={search_term_string}"},"query-input":"required name=search_term_string"}],"inLanguage":"de"},{"@type":"WebPage","@id":"https:\/\/www.grundschule-pulverrasen.de\/?page_id=419#webpage","url":"https:\/\/www.grundschule-pulverrasen.de\/?page_id=419","name":"Ausstattung - Grundschule Pulverrasen","isPartOf":{"@id":"https:\/\/www.grundschule-pulverrasen.de\/#website"},"datePublished":"2016-03-17T09:27:13+00:00","dateModified":"2023-07-11T11:44:54+00:00","breadcrumb":{"@id":"https:\/\/www.grundschule-pulverrasen.de\/?page_id=419#breadcrumb"},"inLanguage":"de","potentialAction":[{"@type":"ReadAction","target":["https:\/\/www.grundschule-pulverrasen.de\/?page_id=419"]}]},{"@type":"BreadcrumbList","@id":"https:\/\/www.grundschule-pulverrasen.de\/?page_id=419#breadcrumb","itemListElement":[{"@type":"ListItem","position":1,"name":"Home","item":"https:\/\/www.grundschule-pulverrasen.de\/"},{"@type":"ListItem","position":2,"name":"\u00dcber uns","item":"https:\/\/www.grundschule-pulverrasen.de\/?page_id=505"},{"@type":"ListItem","position":3,"name":"Ausstattung"}]}]}},"_links":{"self":[{"href":"https:\/\/www.grundschule-pulverrasen.de\/index.php?rest_route=\/wp\/v2\/pages\/419"}],"collection":[{"href":"https:\/\/www.grundschule-pulverrasen.de\/index.php?rest_route=\/wp\/v2\/pages"}],"about":[{"href":"https:\/\/www.grundschule-pulverrasen.de\/index.php?rest_route=\/wp\/v2\/types\/page"}],"author":[{"embeddable":true,"href":"https:\/\/www.grundschule-pulverrasen.de\/index.php?rest_route=\/wp\/v2\/users\/6"}],"replies":[{"embeddable":true,"href":"https:\/\/www.grundschule-pulverrasen.de\/index.php?rest_route=%2Fwp%2Fv2%2Fcomments&post=419"}],"version-history":[{"count":7,"href":"https:\/\/www.grundschule-pulverrasen.de\/index.php?rest_route=\/wp\/v2\/pages\/419\/revisions"}],"predecessor-version":[{"id":1940,"href":"https:\/\/www.grundschule-pulverrasen.de\/index.php?rest_route=\/wp\/v2\/pages\/419\/revisions\/1940"}],"up":[{"embeddable":true,"href":"https:\/\/www.grundschule-pulverrasen.de\/index.php?rest_route=\/wp\/v2\/pages\/505"}],"wp:attachment":[{"href":"https:\/\/www.grundschule-pulverrasen.de\/index.php?rest_route=%2Fwp%2Fv2%2Fmedia&parent=419"}],"curies":[{"name":"wp","href":"https:\/\/api.w.org\/{rel}","templated":true}]}}