{"id":540,"date":"2016-09-20T11:46:04","date_gmt":"2016-09-20T11:46:04","guid":{"rendered":"http:\/\/www.grundschule-pulverrasen.de\/?page_id=540"},"modified":"2026-04-22T15:14:32","modified_gmt":"2026-04-22T15:14:32","slug":"speiseplan","status":"publish","type":"page","link":"https:\/\/www.grundschule-pulverrasen.de\/?page_id=540","title":{"rendered":"Speiseplan"},"content":{"rendered":"<h2>\u00a0<\/h2>\r\n<h2>Kinderhaus Regenbogen<\/h2>\r\n<h3>Kinderhaus Regenbogen<\/h3>\r\n<h3>Synagogenweg 2, 98617 Meiningen | 03693 8126911 | kinderhaus_regenbogen@t-online.de<\/h3>\r\n<p>&nbsp;<\/p>\r\n<h3 data-canvas-width=\"603.768\">Die K\u00fcche des Kinderhauses Regenbogen ist der Anbieter f\u00fcr die Mittagsversorgung der Schule am Pulverrasen.<\/h3>\r\n<h3 data-canvas-width=\"603.768\">Wir kochen f\u00fcr Kinderg\u00e4rten, Schulen und Pflegeeinrichtungen. Bei der Zubereitung der Speisen sind f\u00fcr uns die Richtlinien der Deutschen Gesellschaft f\u00fcr Ern\u00e4hrung bindend. Die bei uns verwendeten Produkte sind vorwiegend regional. Unser Ziel ist es m\u00f6glichstfrisch und saisonal zu kochen. Kinder mit einer Nahrungsmittelunvertr\u00e4glichkeit werden genauso ber\u00fccksichtigt wie Muslime und Vegetarier. (Bei einer Unvertr\u00e4glichkeit bitte ein \u00e4rztliches Attest vorlegen)<\/h3>\r\n<h3 data-canvas-width=\"604.1053333333332\">Wenn Interesse Ihrerseits besteht, dass Ihr Kind an der Mittagsversorgung teilnimmt, f\u00fcllen Sie bitte ein Sepa-Lastschriftmandat (auch im Kinderhaus erh\u00e4ltlich) sowie den monatlichen Speiseplan aus. Diese Dokumente finden sie zum Herunterladen auf er Internetseite der Schule, als auch an der Essensausgabe.<\/h3>\r\n<h3 data-canvas-width=\"603.856\">Unser Essenpreis liegt bei 3,80 \u20ac wobei 0,50 \u20ac in der Schulzeit vom Landratsamt, Fachdienst Schulen (FD) \u00fcbernommen werden. Sollten Sie Leistungen aus dem Bildungs- und Teilhabepaket des Landratsamtes erhalten, legen Sie uns bitte rechtzeitig die Essensgutscheine im Kinderhaus vor.<\/h3>\r\n<h3 data-canvas-width=\"475.88933333333296\">Wir freuen uns, wenn wir Ihr Kind als Essensteilnehmer begr\u00fc\u00dfen d\u00fcrfen.<\/h3>\r\n<h3>Kurzfristige Abmeldungen im Krankheitsfall sind bis 8.00 Uhr des jeweiligen Tages unter 03693\/8126911 m\u00f6glich. Bitte nutzen Sie auch den Anrufbeantworter.<\/h3>\r\n<h3>Das K\u00fcchenteam vom Kinderhaus RegenbogenKinderhaus Regenbogen, Synagogenweg 2 , 98617 Meiningen<\/h3>\r\n<h3><span style=\"color: #ff0000;\"><a style=\"color: #ff0000;\" href=\"https:\/\/www.grundschule-pulverrasen.de\/?attachment_id=2118\" rel=\"attachment wp-att-2118\">Kostensatzung_23_\u00fcberarbeitet<\/a><\/span><\/h3>\r\n<h3>\u00a0<\/h3>\r\n<h3><span style=\"color: #0000ff;\">Zum Ausdrucken des Formulars zur Bezahlung des Mittagessens \u00f6ffnen Sie bitte folgenden Link:<\/span><\/h3>\r\n<h3><a href=\"https:\/\/www.grundschule-pulverrasen.de\/?attachment_id=1398\" rel=\"attachment wp-att-1398\"><span style=\"color: #ff0000;\">Formular zur Erteilung eines SEPA -Lastschriftmandat Mittagessen<\/span><\/a><\/h3>\r\n<h3>Wichtige Informationen finden Sie im nachfolgenden Link:<\/h3>\r\n<h3><a href=\"https:\/\/www.grundschule-pulverrasen.de\/?attachment_id=1993\" rel=\"attachment wp-att-1993\"><span style=\"color: #99cc00;\">Info_Essenanmeldung_Schule<\/span><\/a><\/h3>\r\n<p>&nbsp;<\/p>\r\n<h3><strong><span style=\"color: #800080;\">Der Speiseplan kann auch unter folgenden Link auf unserer Seite angesehen werden<\/span><\/strong><\/h3>\r\n\r\n\r\n\r\n\r\n\r\n<h3><span style=\"color: #ff9900;\"><a style=\"color: #ff9900;\" href=\"https:\/\/www.grundschule-pulverrasen.de\/?attachment_id=2194\" rel=\"attachment wp-att-2194\">Speiseplan April 2026<\/a><\/span><\/h3>\r\n<h3><span style=\"color: #00ff00;\"><a style=\"color: #00ff00;\" href=\"https:\/\/www.grundschule-pulverrasen.de\/?attachment_id=2198\" rel=\"attachment wp-att-2198\">Speiseplan Mai 2026<\/a><\/span><\/h3>\r\n","protected":false},"excerpt":{"rendered":"<p>\u00a0 Kinderhaus Regenbogen Kinderhaus Regenbogen Synagogenweg 2, 98617 Meiningen | 03693 8126911 | kinderhaus_regenbogen@t-online.de &nbsp; Die K\u00fcche des Kinderhauses Regenbogen ist der Anbieter f\u00fcr die Mittagsversorgung der Schule am Pulverrasen. Wir kochen f\u00fcr Kinderg\u00e4rten, Schulen und Pflegeeinrichtungen. Bei der Zubereitung der Speisen sind f\u00fcr uns die Richtlinien der Deutschen Gesellschaft f\u00fcr Ern\u00e4hrung bindend. Die bei [&hellip;]<\/p>\n","protected":false},"author":6,"featured_media":0,"parent":500,"menu_order":0,"comment_status":"closed","ping_status":"closed","template":"","meta":{"_links_to":"","_links_to_target":""},"yoast_head":"<!-- This site is optimized with the Yoast SEO plugin v18.3 - https:\/\/yoast.com\/wordpress\/plugins\/seo\/ -->\n<title>Speiseplan - Grundschule Pulverrasen<\/title>\n<meta name=\"robots\" content=\"index, follow, max-snippet:-1, max-image-preview:large, max-video-preview:-1\" \/>\n<link rel=\"canonical\" href=\"https:\/\/www.grundschule-pulverrasen.de\/?page_id=540\" \/>\n<meta property=\"og:locale\" content=\"de_DE\" \/>\n<meta property=\"og:type\" content=\"article\" \/>\n<meta property=\"og:title\" content=\"Speiseplan - Grundschule Pulverrasen\" \/>\n<meta property=\"og:description\" content=\"\u00a0 Kinderhaus Regenbogen Kinderhaus Regenbogen Synagogenweg 2, 98617 Meiningen | 03693 8126911 | kinderhaus_regenbogen@t-online.de &nbsp; Die K\u00fcche des Kinderhauses Regenbogen ist der Anbieter f\u00fcr die Mittagsversorgung der Schule am Pulverrasen. Wir kochen f\u00fcr Kinderg\u00e4rten, Schulen und Pflegeeinrichtungen. Bei der Zubereitung der Speisen sind f\u00fcr uns die Richtlinien der Deutschen Gesellschaft f\u00fcr Ern\u00e4hrung bindend. Die bei [&hellip;]\" \/>\n<meta property=\"og:url\" content=\"https:\/\/www.grundschule-pulverrasen.de\/?page_id=540\" \/>\n<meta property=\"og:site_name\" content=\"Grundschule Pulverrasen\" \/>\n<meta property=\"article:modified_time\" content=\"2026-04-22T15:14:32+00:00\" \/>\n<meta name=\"twitter:card\" content=\"summary\" \/>\n<meta name=\"twitter:label1\" content=\"Gesch\u00e4tzte Lesezeit\" \/>\n\t<meta name=\"twitter:data1\" content=\"2\u00a0Minuten\" \/>\n<script type=\"application\/ld+json\" class=\"yoast-schema-graph\">{\"@context\":\"https:\/\/schema.org\",\"@graph\":[{\"@type\":\"WebSite\",\"@id\":\"https:\/\/www.grundschule-pulverrasen.de\/#website\",\"url\":\"https:\/\/www.grundschule-pulverrasen.de\/\",\"name\":\"Grundschule Pulverrasen\",\"description\":\"\",\"potentialAction\":[{\"@type\":\"SearchAction\",\"target\":{\"@type\":\"EntryPoint\",\"urlTemplate\":\"https:\/\/www.grundschule-pulverrasen.de\/?s={search_term_string}\"},\"query-input\":\"required name=search_term_string\"}],\"inLanguage\":\"de\"},{\"@type\":\"WebPage\",\"@id\":\"https:\/\/www.grundschule-pulverrasen.de\/?page_id=540#webpage\",\"url\":\"https:\/\/www.grundschule-pulverrasen.de\/?page_id=540\",\"name\":\"Speiseplan - Grundschule Pulverrasen\",\"isPartOf\":{\"@id\":\"https:\/\/www.grundschule-pulverrasen.de\/#website\"},\"datePublished\":\"2016-09-20T11:46:04+00:00\",\"dateModified\":\"2026-04-22T15:14:32+00:00\",\"breadcrumb\":{\"@id\":\"https:\/\/www.grundschule-pulverrasen.de\/?page_id=540#breadcrumb\"},\"inLanguage\":\"de\",\"potentialAction\":[{\"@type\":\"ReadAction\",\"target\":[\"https:\/\/www.grundschule-pulverrasen.de\/?page_id=540\"]}]},{\"@type\":\"BreadcrumbList\",\"@id\":\"https:\/\/www.grundschule-pulverrasen.de\/?page_id=540#breadcrumb\",\"itemListElement\":[{\"@type\":\"ListItem\",\"position\":1,\"name\":\"Home\",\"item\":\"https:\/\/www.grundschule-pulverrasen.de\/\"},{\"@type\":\"ListItem\",\"position\":2,\"name\":\"Hort\",\"item\":\"https:\/\/www.grundschule-pulverrasen.de\/?page_id=500\"},{\"@type\":\"ListItem\",\"position\":3,\"name\":\"Speiseplan\"}]}]}<\/script>\n<!-- \/ Yoast SEO plugin. -->","yoast_head_json":{"title":"Speiseplan - Grundschule Pulverrasen","robots":{"index":"index","follow":"follow","max-snippet":"max-snippet:-1","max-image-preview":"max-image-preview:large","max-video-preview":"max-video-preview:-1"},"canonical":"https:\/\/www.grundschule-pulverrasen.de\/?page_id=540","og_locale":"de_DE","og_type":"article","og_title":"Speiseplan - Grundschule Pulverrasen","og_description":"\u00a0 Kinderhaus Regenbogen Kinderhaus Regenbogen Synagogenweg 2, 98617 Meiningen | 03693 8126911 | kinderhaus_regenbogen@t-online.de &nbsp; Die K\u00fcche des Kinderhauses Regenbogen ist der Anbieter f\u00fcr die Mittagsversorgung der Schule am Pulverrasen. Wir kochen f\u00fcr Kinderg\u00e4rten, Schulen und Pflegeeinrichtungen. Bei der Zubereitung der Speisen sind f\u00fcr uns die Richtlinien der Deutschen Gesellschaft f\u00fcr Ern\u00e4hrung bindend. Die bei [&hellip;]","og_url":"https:\/\/www.grundschule-pulverrasen.de\/?page_id=540","og_site_name":"Grundschule Pulverrasen","article_modified_time":"2026-04-22T15:14:32+00:00","twitter_card":"summary","twitter_misc":{"Gesch\u00e4tzte Lesezeit":"2\u00a0Minuten"},"schema":{"@context":"https:\/\/schema.org","@graph":[{"@type":"WebSite","@id":"https:\/\/www.grundschule-pulverrasen.de\/#website","url":"https:\/\/www.grundschule-pulverrasen.de\/","name":"Grundschule Pulverrasen","description":"","potentialAction":[{"@type":"SearchAction","target":{"@type":"EntryPoint","urlTemplate":"https:\/\/www.grundschule-pulverrasen.de\/?s={search_term_string}"},"query-input":"required name=search_term_string"}],"inLanguage":"de"},{"@type":"WebPage","@id":"https:\/\/www.grundschule-pulverrasen.de\/?page_id=540#webpage","url":"https:\/\/www.grundschule-pulverrasen.de\/?page_id=540","name":"Speiseplan - Grundschule Pulverrasen","isPartOf":{"@id":"https:\/\/www.grundschule-pulverrasen.de\/#website"},"datePublished":"2016-09-20T11:46:04+00:00","dateModified":"2026-04-22T15:14:32+00:00","breadcrumb":{"@id":"https:\/\/www.grundschule-pulverrasen.de\/?page_id=540#breadcrumb"},"inLanguage":"de","potentialAction":[{"@type":"ReadAction","target":["https:\/\/www.grundschule-pulverrasen.de\/?page_id=540"]}]},{"@type":"BreadcrumbList","@id":"https:\/\/www.grundschule-pulverrasen.de\/?page_id=540#breadcrumb","itemListElement":[{"@type":"ListItem","position":1,"name":"Home","item":"https:\/\/www.grundschule-pulverrasen.de\/"},{"@type":"ListItem","position":2,"name":"Hort","item":"https:\/\/www.grundschule-pulverrasen.de\/?page_id=500"},{"@type":"ListItem","position":3,"name":"Speiseplan"}]}]}},"_links":{"self":[{"href":"https:\/\/www.grundschule-pulverrasen.de\/index.php?rest_route=\/wp\/v2\/pages\/540"}],"collection":[{"href":"https:\/\/www.grundschule-pulverrasen.de\/index.php?rest_route=\/wp\/v2\/pages"}],"about":[{"href":"https:\/\/www.grundschule-pulverrasen.de\/index.php?rest_route=\/wp\/v2\/types\/page"}],"author":[{"embeddable":true,"href":"https:\/\/www.grundschule-pulverrasen.de\/index.php?rest_route=\/wp\/v2\/users\/6"}],"replies":[{"embeddable":true,"href":"https:\/\/www.grundschule-pulverrasen.de\/index.php?rest_route=%2Fwp%2Fv2%2Fcomments&post=540"}],"version-history":[{"count":156,"href":"https:\/\/www.grundschule-pulverrasen.de\/index.php?rest_route=\/wp\/v2\/pages\/540\/revisions"}],"predecessor-version":[{"id":2200,"href":"https:\/\/www.grundschule-pulverrasen.de\/index.php?rest_route=\/wp\/v2\/pages\/540\/revisions\/2200"}],"up":[{"embeddable":true,"href":"https:\/\/www.grundschule-pulverrasen.de\/index.php?rest_route=\/wp\/v2\/pages\/500"}],"wp:attachment":[{"href":"https:\/\/www.grundschule-pulverrasen.de\/index.php?rest_route=%2Fwp%2Fv2%2Fmedia&parent=540"}],"curies":[{"name":"wp","href":"https:\/\/api.w.org\/{rel}","templated":true}]}}